{"id":6769,"date":"2025-04-21T08:17:10","date_gmt":"2025-04-21T06:17:10","guid":{"rendered":"https:\/\/basquetcoruna.paginawebcoruna.es\/?page_id=6769"},"modified":"2025-05-19T11:29:43","modified_gmt":"2025-05-19T09:29:43","slug":"canle-etica","status":"publish","type":"page","link":"https:\/\/basquetcoruna.com\/gl\/canle-etica\/","title":{"rendered":"Canle \u00c9tica"},"content":{"rendered":"\t\t<div data-elementor-type=\"wp-page\" data-elementor-id=\"6769\" class=\"elementor elementor-6769 elementor-1779\" data-elementor-post-type=\"page\">\n\t\t\t\t<div class=\"elementor-element elementor-element-ca25547 e-flex e-con-boxed e-con e-parent\" data-id=\"ca25547\" data-element_type=\"container\" data-e-type=\"container\">\n\t\t\t\t\t<div class=\"e-con-inner\">\n\t\t\t\t<div class=\"elementor-element elementor-element-64fad0f elementor-widget elementor-widget-spacer\" data-id=\"64fad0f\" data-element_type=\"widget\" data-e-type=\"widget\" data-widget_type=\"spacer.default\">\n\t\t\t\t<div class=\"elementor-widget-container\">\n\t\t\t\t\t\t\t<div class=\"elementor-spacer\">\n\t\t\t<div class=\"elementor-spacer-inner\"><\/div>\n\t\t<\/div>\n\t\t\t\t\t\t<\/div>\n\t\t\t\t<\/div>\n\t\t\t\t<div class=\"elementor-element elementor-element-5abb71e elementor-widget elementor-widget-heading\" data-id=\"5abb71e\" data-element_type=\"widget\" data-e-type=\"widget\" data-widget_type=\"heading.default\">\n\t\t\t\t<div class=\"elementor-widget-container\">\n\t\t\t\t\t<h1 class=\"elementor-heading-title elementor-size-default\">Canle \u00c9tica<\/h1>\t\t\t\t<\/div>\n\t\t\t\t<\/div>\n\t\t\t\t<div class=\"elementor-element elementor-element-dbcc73c elementor-widget elementor-widget-spacer\" data-id=\"dbcc73c\" data-element_type=\"widget\" data-e-type=\"widget\" data-widget_type=\"spacer.default\">\n\t\t\t\t<div class=\"elementor-widget-container\">\n\t\t\t\t\t\t\t<div class=\"elementor-spacer\">\n\t\t\t<div class=\"elementor-spacer-inner\"><\/div>\n\t\t<\/div>\n\t\t\t\t\t\t<\/div>\n\t\t\t\t<\/div>\n\t\t\t\t<div class=\"elementor-element elementor-element-c53ec88 elementor-widget elementor-widget-text-editor\" data-id=\"c53ec88\" data-element_type=\"widget\" data-e-type=\"widget\" data-widget_type=\"text-editor.default\">\n\t\t\t\t<div class=\"elementor-widget-container\">\n\t\t\t\t\t\t\t\t\tA Canle \u00c9tica \u00e9 unha plataforma de comunicaci\u00f3n entre o <span class=\"text-uppercase\">Club Basquet Coru\u00f1a<\/span> e os seus grupos de interese e coa sociedade en xeral para que calquera persoa poida notificar posibles incumprimentos legais, especialmente no que se refire ao acoso sexual e ao acoso por raz\u00f3n de sexo no \u00e1mbito laboral.\n\nEsta plataforma de comunicaci\u00f3n at\u00f3pase aloxada en servidores que cumpren cos m\u00e1is altos est\u00e1ndares de seguridade de conformidade co establecido no Regulamento Xeral de Protecci\u00f3n de Datos e na Lei Org\u00e1nica de Protecci\u00f3n de Datos e Garant\u00eda dos Dereitos Dixitais.\n\nTodas as comunicaci\u00f3ns realizadas a trav\u00e9s desta plataforma de xesti\u00f3n da Canle \u00c9tica estar\u00e1n encriptadas e ser\u00e1n confidenciais. Tam\u00e9n se permite a opci\u00f3n de realizar denuncias an\u00f3nimas, non sendo obrigatorio identificarse no campo nome. Non obstante, se a persoa remitente desexa que se lle comunique informaci\u00f3n acerca da xesti\u00f3n da s\u00faa notificaci\u00f3n e da resoluci\u00f3n do asunto obxecto da mesma deber\u00e1 facilitar un correo electr\u00f3nico.\n\nPregamos non utilizar a Canle \u00c9tica para realizar notificaci\u00f3ns malintencionadas, infundadas ou carentes de indicios que fundamenten a investigaci\u00f3n, xesti\u00f3n e ulterior resoluci\u00f3n dos presuntos incumprimentos notificados.\n\nPode enviar o formulario de forma an\u00f3nima ou identific\u00e1ndose, proporcionando os seus datos persoais:\n\t\t\t\t\t\t\t\t<\/div>\n\t\t\t\t<\/div>\n\t\t\t\t<div class=\"elementor-element elementor-element-2460710 elementor-widget elementor-widget-spacer\" data-id=\"2460710\" data-element_type=\"widget\" data-e-type=\"widget\" data-widget_type=\"spacer.default\">\n\t\t\t\t<div class=\"elementor-widget-container\">\n\t\t\t\t\t\t\t<div class=\"elementor-spacer\">\n\t\t\t<div class=\"elementor-spacer-inner\"><\/div>\n\t\t<\/div>\n\t\t\t\t\t\t<\/div>\n\t\t\t\t<\/div>\n\t\t\t\t\t<\/div>\n\t\t\t\t<\/div>\n\t\t<div class=\"elementor-element elementor-element-9180090 e-flex e-con-boxed e-con e-parent\" data-id=\"9180090\" data-element_type=\"container\" data-e-type=\"container\">\n\t\t\t\t\t<div class=\"e-con-inner\">\n\t\t\t\t<div class=\"elementor-element elementor-element-a2a0016 elementor-button-align-center elementor-widget__width-initial elementor-widget-mobile__width-inherit elementor-mobile-button-align-center elementor-tablet-button-align-center elementor-widget elementor-widget-form\" data-id=\"a2a0016\" data-element_type=\"widget\" data-e-type=\"widget\" data-settings=\"{&quot;step_next_label&quot;:&quot;Next&quot;,&quot;step_previous_label&quot;:&quot;Previous&quot;,&quot;step_type&quot;:&quot;none&quot;,&quot;button_width&quot;:&quot;100&quot;,&quot;step_icon_shape&quot;:&quot;circle&quot;}\" data-widget_type=\"form.default\">\n\t\t\t\t<div class=\"elementor-widget-container\">\n\t\t\t\t\t\t\t<form class=\"elementor-form\" method=\"post\" name=\"Formulario Canal Etico\" aria-label=\"Formulario Canal Etico\">\n\t\t\t<input type=\"hidden\" name=\"post_id\" value=\"6769\"\/>\n\t\t\t<input type=\"hidden\" name=\"form_id\" value=\"a2a0016\"\/>\n\t\t\t<input type=\"hidden\" name=\"referer_title\" value=\"\" \/>\n\n\t\t\t\n\t\t\t<div class=\"elementor-form-fields-wrapper elementor-labels-\">\n\t\t\t\t\t\t\t\t<div class=\"elementor-field-type-html elementor-field-group elementor-column elementor-field-group-field_2898622 elementor-col-100\">\n\t\t\t\t\t<h3 style=\"margin: 0px;\">Identificaci\u00f3n<\/h3>\t\t\t\t<\/div>\n\t\t\t\t\t\t\t\t<div class=\"elementor-field-type-text elementor-field-group elementor-column elementor-field-group-name elementor-col-50\">\n\t\t\t\t\t\t\t\t\t\t\t\t<label for=\"form-field-name\" class=\"elementor-field-label elementor-screen-only\">\n\t\t\t\t\t\t\t\tNome\t\t\t\t\t\t\t<\/label>\n\t\t\t\t\t\t\t\t\t\t\t\t\t\t<input size=\"1\" type=\"text\" name=\"form_fields[name]\" id=\"form-field-name\" class=\"elementor-field elementor-size-sm  elementor-field-textual\" placeholder=\"Nome e apelidos\">\n\t\t\t\t\t\t\t\t\t\t\t<\/div>\n\t\t\t\t\t\t\t\t<div class=\"elementor-field-type-text elementor-field-group elementor-column elementor-field-group-field_f8471b7 elementor-col-50\">\n\t\t\t\t\t\t\t\t\t\t\t\t<label for=\"form-field-field_f8471b7\" class=\"elementor-field-label elementor-screen-only\">\n\t\t\t\t\t\t\t\tDni\t\t\t\t\t\t\t<\/label>\n\t\t\t\t\t\t\t\t\t\t\t\t\t\t<input size=\"1\" type=\"text\" name=\"form_fields[field_f8471b7]\" id=\"form-field-field_f8471b7\" class=\"elementor-field elementor-size-sm  elementor-field-textual\" placeholder=\"Dni\">\n\t\t\t\t\t\t\t\t\t\t\t<\/div>\n\t\t\t\t\t\t\t\t<div class=\"elementor-field-type-email elementor-field-group elementor-column elementor-field-group-email elementor-col-50\">\n\t\t\t\t\t\t\t\t\t\t\t\t<label for=\"form-field-email\" class=\"elementor-field-label elementor-screen-only\">\n\t\t\t\t\t\t\t\tEmail\t\t\t\t\t\t\t<\/label>\n\t\t\t\t\t\t\t\t\t\t\t\t\t\t<input size=\"1\" type=\"email\" name=\"form_fields[email]\" id=\"form-field-email\" class=\"elementor-field elementor-size-sm  elementor-field-textual\" placeholder=\"Email\">\n\t\t\t\t\t\t\t\t\t\t\t<\/div>\n\t\t\t\t\t\t\t\t<div class=\"elementor-field-type-tel elementor-field-group elementor-column elementor-field-group-field_7781d85 elementor-col-50\">\n\t\t\t\t\t\t\t\t\t\t\t\t<label for=\"form-field-field_7781d85\" class=\"elementor-field-label elementor-screen-only\">\n\t\t\t\t\t\t\t\tTelefono\t\t\t\t\t\t\t<\/label>\n\t\t\t\t\t\t\t\t<input size=\"1\" type=\"tel\" name=\"form_fields[field_7781d85]\" id=\"form-field-field_7781d85\" class=\"elementor-field elementor-size-sm  elementor-field-textual\" placeholder=\"Tel\u00e9fono\" pattern=\"[0-9()#&amp;+*-=.]+\" title=\"Only numbers and phone characters (#, -, *, etc) are accepted.\">\n\n\t\t\t\t\t\t<\/div>\n\t\t\t\t\t\t\t\t<div class=\"elementor-field-type-textarea elementor-field-group elementor-column elementor-field-group-message elementor-col-100\">\n\t\t\t\t\t\t\t\t\t\t\t\t<label for=\"form-field-message\" class=\"elementor-field-label elementor-screen-only\">\n\t\t\t\t\t\t\t\tRelacion\t\t\t\t\t\t\t<\/label>\n\t\t\t\t\t\t<textarea class=\"elementor-field-textual elementor-field  elementor-size-sm\" name=\"form_fields[message]\" id=\"form-field-message\" rows=\"4\" placeholder=\"Relaci\u00f3n que mant\u00e9n co club (persoal, cliente, provedor, etc.)\"><\/textarea>\t\t\t\t<\/div>\n\t\t\t\t\t\t\t\t<div class=\"elementor-field-type-html elementor-field-group elementor-column elementor-field-group-field_262a834 elementor-col-100\">\n\t\t\t\t\t<h3 style=\"margin: 0px;\">Datos da denuncia<\/h3>\t\t\t\t<\/div>\n\t\t\t\t\t\t\t\t<div class=\"elementor-field-type-textarea elementor-field-group elementor-column elementor-field-group-field_e7a1ce3 elementor-col-100 elementor-field-required\">\n\t\t\t\t\t\t\t\t\t\t\t\t<label for=\"form-field-field_e7a1ce3\" class=\"elementor-field-label elementor-screen-only\">\n\t\t\t\t\t\t\t\tLugares\t\t\t\t\t\t\t<\/label>\n\t\t\t\t\t\t<textarea class=\"elementor-field-textual elementor-field  elementor-size-sm\" name=\"form_fields[field_e7a1ce3]\" id=\"form-field-field_e7a1ce3\" rows=\"4\" placeholder=\"Lugares onde ocorreron os feitos denunciados *\" required=\"required\"><\/textarea>\t\t\t\t<\/div>\n\t\t\t\t\t\t\t\t<div class=\"elementor-field-type-textarea elementor-field-group elementor-column elementor-field-group-field_8832a68 elementor-col-100 elementor-field-required\">\n\t\t\t\t\t\t\t\t\t\t\t\t<label for=\"form-field-field_8832a68\" class=\"elementor-field-label elementor-screen-only\">\n\t\t\t\t\t\t\t\tIdentificacion\t\t\t\t\t\t\t<\/label>\n\t\t\t\t\t\t<textarea class=\"elementor-field-textual elementor-field  elementor-size-sm\" name=\"form_fields[field_8832a68]\" id=\"form-field-field_8832a68\" rows=\"4\" placeholder=\"Identificaci\u00f3n das persoas denunciadas e vinculaci\u00f3n destas co club *\" required=\"required\"><\/textarea>\t\t\t\t<\/div>\n\t\t\t\t\t\t\t\t<div class=\"elementor-field-type-textarea elementor-field-group elementor-column elementor-field-group-field_1cc104e elementor-col-100 elementor-field-required\">\n\t\t\t\t\t\t\t\t\t\t\t\t<label for=\"form-field-field_1cc104e\" class=\"elementor-field-label elementor-screen-only\">\n\t\t\t\t\t\t\t\tDescricion\t\t\t\t\t\t\t<\/label>\n\t\t\t\t\t\t<textarea class=\"elementor-field-textual elementor-field  elementor-size-sm\" name=\"form_fields[field_1cc104e]\" id=\"form-field-field_1cc104e\" rows=\"4\" placeholder=\"Descrici\u00f3n detallada dos feitos denunciados *\" required=\"required\"><\/textarea>\t\t\t\t<\/div>\n\t\t\t\t\t\t\t\t<div class=\"elementor-field-type-html elementor-field-group elementor-column elementor-field-group-field_b379823 elementor-col-100\">\n\t\t\t\t\t<h3 style=\"margin: 0px;\">Testemu\u00f1as<\/h3>\t\t\t\t<\/div>\n\t\t\t\t\t\t\t\t<div class=\"elementor-field-type-textarea elementor-field-group elementor-column elementor-field-group-field_280ceee elementor-col-100\">\n\t\t\t\t\t\t\t\t\t\t\t\t<label for=\"form-field-field_280ceee\" class=\"elementor-field-label elementor-screen-only\">\n\t\t\t\t\t\t\t\tTestemu\u00f1as Input\t\t\t\t\t\t\t<\/label>\n\t\t\t\t\t\t<textarea class=\"elementor-field-textual elementor-field  elementor-size-sm\" name=\"form_fields[field_280ceee]\" id=\"form-field-field_280ceee\" rows=\"4\" placeholder=\"No caso de que haxa testemu\u00f1as, indique nome e apelidos e a relaci\u00f3n que te\u00f1en co club\"><\/textarea>\t\t\t\t<\/div>\n\t\t\t\t\t\t\t\t<div class=\"elementor-field-type-html elementor-field-group elementor-column elementor-field-group-field_becd2a2 elementor-col-100\">\n\t\t\t\t\t<h3 style=\"margin: 0px; margin-bottom: 10px;\">Documentaci\u00f3n anexa<\/h3>\n<p style=\"margin: 0px; font-size: 18px;\">De ser o caso, anexe a documentaci\u00f3n na que se basea a comunicaci\u00f3n<\/p>\t\t\t\t<\/div>\n\t\t\t\t\t\t\t\t<div class=\"elementor-field-type-upload elementor-field-group elementor-column elementor-field-group-field_4aaa0ba elementor-col-100 elementor-field-required\">\n\t\t\t\t\t\t\t\t\t\t\t\t<label for=\"form-field-field_4aaa0ba\" class=\"elementor-field-label elementor-screen-only\">\n\t\t\t\t\t\t\t\tAdxuntos\t\t\t\t\t\t\t<\/label>\n\t\t\t\t\t\t\t\t<input type=\"file\" name=\"form_fields[field_4aaa0ba]\" id=\"form-field-field_4aaa0ba\" class=\"elementor-field elementor-size-sm  elementor-upload-field\" required=\"required\" data-maxsize=\"2\" data-maxsize-message=\"This file exceeds the maximum allowed size.\">\n\n\t\t\t\t\t\t<\/div>\n\t\t\t\t\t\t\t\t<div class=\"elementor-field-type-text\">\n\t\t\t\t\t<input size=\"1\" type=\"text\" name=\"form_fields[field_d2765b4]\" id=\"form-field-field_d2765b4\" class=\"elementor-field elementor-size-sm \" style=\"display:none !important;\">\t\t\t\t<\/div>\n\t\t\t\t\t\t\t\t<div class=\"elementor-field-type-acceptance elementor-field-group elementor-column elementor-field-group-field_d29eecc elementor-col-100 elementor-field-required\">\n\t\t\t\t\t\t\t\t\t\t\t\t<label for=\"form-field-field_d29eecc\" class=\"elementor-field-label elementor-screen-only\">\n\t\t\t\t\t\t\t\tManifesto boa fe\t\t\t\t\t\t\t<\/label>\n\t\t\t\t\t\t\t\t<div class=\"elementor-field-subgroup\">\n\t\t\t<span class=\"elementor-field-option\">\n\t\t\t\t<input type=\"checkbox\" name=\"form_fields[field_d29eecc]\" id=\"form-field-field_d29eecc\" class=\"elementor-field elementor-size-sm  elementor-acceptance-field\" required=\"required\">\n\t\t\t\t<label for=\"form-field-field_d29eecc\">Manifesto que a presente comunicaci\u00f3n realizoaa de boa fe e que, salvo erro ou omisi\u00f3n involuntaria, os datos consignados son certos.<\/label>\t\t\t<\/span>\n\t\t<\/div>\n\t\t\t\t\t\t<\/div>\n\t\t\t\t\t\t\t\t<div class=\"elementor-field-type-acceptance elementor-field-group elementor-column elementor-field-group-field_c9c83f7 elementor-col-100 elementor-field-required\">\n\t\t\t\t\t\t\t\t\t\t\t\t<label for=\"form-field-field_c9c83f7\" class=\"elementor-field-label elementor-screen-only\">\n\t\t\t\t\t\t\t\tTratamento de datos\t\t\t\t\t\t\t<\/label>\n\t\t\t\t\t\t\t\t<div class=\"elementor-field-subgroup\">\n\t\t\t<span class=\"elementor-field-option\">\n\t\t\t\t<input type=\"checkbox\" name=\"form_fields[field_c9c83f7]\" id=\"form-field-field_c9c83f7\" class=\"elementor-field elementor-size-sm  elementor-acceptance-field\" required=\"required\">\n\t\t\t\t<label for=\"form-field-field_c9c83f7\">Lin e entendo o tratamento que se lles poder\u00e1 dar aos datos consignados na presente comunicaci\u00f3n e o contido do Procedemento de tramitaci\u00f3n de denuncias.<\/label>\t\t\t<\/span>\n\t\t<\/div>\n\t\t\t\t\t\t<\/div>\n\t\t\t\t\t\t\t\t<div class=\"elementor-field-type-acceptance elementor-field-group elementor-column elementor-field-group-field_040055d elementor-col-100 elementor-field-required\">\n\t\t\t\t\t\t\t\t\t\t\t\t<label for=\"form-field-field_040055d\" class=\"elementor-field-label elementor-screen-only\">\n\t\t\t\t\t\t\t\tProteccion de datos\t\t\t\t\t\t\t<\/label>\n\t\t\t\t\t\t\t\t<div class=\"elementor-field-subgroup\">\n\t\t\t<span class=\"elementor-field-option\">\n\t\t\t\t<input type=\"checkbox\" name=\"form_fields[field_040055d]\" id=\"form-field-field_040055d\" class=\"elementor-field elementor-size-sm  elementor-acceptance-field\" required=\"required\">\n\t\t\t\t<label for=\"form-field-field_040055d\">Acepto as condici\u00f3ns da Pol\u00edtica de Protecci\u00f3n de Datos relativas a esta materia<\/label>\t\t\t<\/span>\n\t\t<\/div>\n\t\t\t\t\t\t<\/div>\n\t\t\t\t\t\t\t\t<div class=\"elementor-field-type-html elementor-field-group elementor-column elementor-field-group-field_cc80462 elementor-col-100\">\n\t\t\t\t\t<p style=\"margin: 0px;\">\nDe conformidade co establecido no REGULAMENTO (UE) 2016\/679 DO PARLAMENTO EUROPEO do 27 de abril de 2016 relativo \u00e1 protecci\u00f3n de datos persoais, inform\u00e1molo de que os datos aqu\u00ed recollidos ser\u00e1n obxecto de tratamento nos ficheiros dos que \u00e9 responsable o Club Basquet Coru\u00f1a coa \u00fanica finalidade de tramitar as correspondentes denuncias en conformidade co establecido no C\u00f3digo de \u00c9tica e Conduta e no Protocolo para a Prevenci\u00f3n e actuaci\u00f3n fronte ao acoso sexual e ao acoso por raz\u00f3n de sexo no \u00e1mbito laboral. Os datos persoais ser\u00e1n tratados de forma confidencial e non ser\u00e1n comunicados a ning\u00fan terceiro, salvo que resulten imprescindibles para a investigaci\u00f3n dos feitos denunciados, sendo neste caso os Xulgados e Tribunais, Administraci\u00f3ns P\u00fablicas, avogados, peritos e outros profesionais que deban intervir ou sexa conveniente que interve\u00f1an, respectando sempre o principio de confidencialidade. As\u00ed mesmo, inform\u00e1molo de que vostede ten dereito a acceder aos seus datos persoais, as\u00ed como a solicitar a rectificaci\u00f3n daqueles que sexan inexactos ou, no seu caso, solicitar a s\u00faa supresi\u00f3n cando, entre outros motivos, os datos xa non sexan necesarios para os fins para os que foron recollidos. Para exercer estes dereitos, e de conformidade coa lexislaci\u00f3n vixente, pode enviar un escrito ao seguinte enderezo de correo electr\u00f3nico: club@basquetcoruna.com\n<\/p>\t\t\t\t<\/div>\n\t\t\t\t\t\t\t\t<div class=\"elementor-field-group elementor-column elementor-field-type-submit elementor-col-100 e-form__buttons\">\n\t\t\t\t\t<button class=\"elementor-button elementor-size-xs\" type=\"submit\">\n\t\t\t\t\t\t<span class=\"elementor-button-content-wrapper\">\n\t\t\t\t\t\t\t\t\t\t\t\t\t\t\t\t\t\t\t\t\t\t<span class=\"elementor-button-text\">Enviar<\/span>\n\t\t\t\t\t\t\t\t\t\t\t\t\t<\/span>\n\t\t\t\t\t<\/button>\n\t\t\t\t<\/div>\n\t\t\t<\/div>\n\t\t<\/form>\n\t\t\t\t\t\t<\/div>\n\t\t\t\t<\/div>\n\t\t\t\t<div class=\"elementor-element elementor-element-27cca22 elementor-widget elementor-widget-spacer\" data-id=\"27cca22\" data-element_type=\"widget\" data-e-type=\"widget\" data-widget_type=\"spacer.default\">\n\t\t\t\t<div class=\"elementor-widget-container\">\n\t\t\t\t\t\t\t<div class=\"elementor-spacer\">\n\t\t\t<div class=\"elementor-spacer-inner\"><\/div>\n\t\t<\/div>\n\t\t\t\t\t\t<\/div>\n\t\t\t\t<\/div>\n\t\t\t\t\t<\/div>\n\t\t\t\t<\/div>\n\t\t\t\t<\/div>\n\t\t","protected":false},"excerpt":{"rendered":"<p>Canle \u00c9tica A Canle \u00c9tica \u00e9 unha plataforma de comunicaci\u00f3n entre o Club Basquet Coru\u00f1a e os seus grupos de interese e coa sociedade en xeral para que calquera persoa poida notificar posibles incumprimentos legais, especialmente no que se refire ao acoso sexual e ao acoso por raz\u00f3n de sexo no \u00e1mbito laboral. Esta plataforma [&hellip;]<\/p>\n","protected":false},"author":5,"featured_media":0,"parent":0,"menu_order":0,"comment_status":"closed","ping_status":"closed","template":"","meta":{"inline_featured_image":false,"footnotes":""},"class_list":["post-6769","page","type-page","status-publish","hentry"],"_links":{"self":[{"href":"https:\/\/basquetcoruna.com\/gl\/wp-json\/wp\/v2\/pages\/6769","targetHints":{"allow":["GET"]}}],"collection":[{"href":"https:\/\/basquetcoruna.com\/gl\/wp-json\/wp\/v2\/pages"}],"about":[{"href":"https:\/\/basquetcoruna.com\/gl\/wp-json\/wp\/v2\/types\/page"}],"author":[{"embeddable":true,"href":"https:\/\/basquetcoruna.com\/gl\/wp-json\/wp\/v2\/users\/5"}],"replies":[{"embeddable":true,"href":"https:\/\/basquetcoruna.com\/gl\/wp-json\/wp\/v2\/comments?post=6769"}],"version-history":[{"count":1,"href":"https:\/\/basquetcoruna.com\/gl\/wp-json\/wp\/v2\/pages\/6769\/revisions"}],"predecessor-version":[{"id":7862,"href":"https:\/\/basquetcoruna.com\/gl\/wp-json\/wp\/v2\/pages\/6769\/revisions\/7862"}],"wp:attachment":[{"href":"https:\/\/basquetcoruna.com\/gl\/wp-json\/wp\/v2\/media?parent=6769"}],"curies":[{"name":"wp","href":"https:\/\/api.w.org\/{rel}","templated":true}]}}